{"id":21,"date":"2023-06-14T23:59:48","date_gmt":"2023-06-14T20:59:48","guid":{"rendered":"https:\/\/www.sirinbahcem.com\/?page_id=21"},"modified":"2023-06-15T16:59:48","modified_gmt":"2023-06-15T13:59:48","slug":"hakkimizda","status":"publish","type":"page","link":"https:\/\/www.sirinbahcem.com\/index.php\/hakkimizda\/","title":{"rendered":"Hakk\u0131m\u0131zda"},"content":{"rendered":"\t\t<div data-elementor-type=\"wp-page\" data-elementor-id=\"21\" class=\"elementor elementor-21\">\n\t\t\t\t\t\t\t\t\t<section class=\"elementor-section elementor-top-section elementor-element elementor-element-dba7d35 elementor-section-boxed elementor-section-height-default elementor-section-height-default\" data-id=\"dba7d35\" data-element_type=\"section\">\n\t\t\t\t\t\t<div class=\"elementor-container elementor-column-gap-default\">\n\t\t\t\t\t<div class=\"elementor-column elementor-col-50 elementor-top-column elementor-element elementor-element-8cc23ab\" data-id=\"8cc23ab\" data-element_type=\"column\">\n\t\t\t<div class=\"elementor-widget-wrap elementor-element-populated\">\n\t\t\t\t\t\t\t\t<div class=\"elementor-element elementor-element-3e0b49c elementor-widget elementor-widget-heading\" data-id=\"3e0b49c\" data-element_type=\"widget\" data-widget_type=\"heading.default\">\n\t\t\t\t<div class=\"elementor-widget-container\">\n\t\t\t<style>\/*! elementor - v3.13.3 - 28-05-2023 *\/\n.elementor-heading-title{padding:0;margin:0;line-height:1}.elementor-widget-heading .elementor-heading-title[class*=elementor-size-]>a{color:inherit;font-size:inherit;line-height:inherit}.elementor-widget-heading .elementor-heading-title.elementor-size-small{font-size:15px}.elementor-widget-heading .elementor-heading-title.elementor-size-medium{font-size:19px}.elementor-widget-heading .elementor-heading-title.elementor-size-large{font-size:29px}.elementor-widget-heading .elementor-heading-title.elementor-size-xl{font-size:39px}.elementor-widget-heading .elementor-heading-title.elementor-size-xxl{font-size:59px}<\/style><h3 class=\"elementor-heading-title elementor-size-default\">\u015eirin Bah\u00e7em Kahvant\u0131 ve G\u00f6zleme Evi<\/h3>\t\t<\/div>\n\t\t\t\t<\/div>\n\t\t\t\t\t<\/div>\n\t\t<\/div>\n\t\t\t\t<div class=\"elementor-column elementor-col-50 elementor-top-column elementor-element elementor-element-dc09b58\" data-id=\"dc09b58\" data-element_type=\"column\">\n\t\t\t<div class=\"elementor-widget-wrap\">\n\t\t\t\t\t\t\t\t\t<\/div>\n\t\t<\/div>\n\t\t\t\t\t\t\t<\/div>\n\t\t<\/section>\n\t\t\t\t<section class=\"elementor-section elementor-top-section elementor-element elementor-element-a12be72 elementor-section-boxed elementor-section-height-default elementor-section-height-default\" data-id=\"a12be72\" data-element_type=\"section\">\n\t\t\t\t\t\t<div class=\"elementor-container elementor-column-gap-default\">\n\t\t\t\t\t<div class=\"elementor-column elementor-col-50 elementor-top-column elementor-element elementor-element-f4fdf1f\" data-id=\"f4fdf1f\" data-element_type=\"column\">\n\t\t\t<div class=\"elementor-widget-wrap elementor-element-populated\">\n\t\t\t\t\t\t\t\t<div class=\"elementor-element elementor-element-8ee36dd elementor-widget elementor-widget-text-editor\" data-id=\"8ee36dd\" data-element_type=\"widget\" data-widget_type=\"text-editor.default\">\n\t\t\t\t<div class=\"elementor-widget-container\">\n\t\t\t<style>\/*! elementor - v3.13.3 - 28-05-2023 *\/\n.elementor-widget-text-editor.elementor-drop-cap-view-stacked .elementor-drop-cap{background-color:#69727d;color:#fff}.elementor-widget-text-editor.elementor-drop-cap-view-framed .elementor-drop-cap{color:#69727d;border:3px solid;background-color:transparent}.elementor-widget-text-editor:not(.elementor-drop-cap-view-default) .elementor-drop-cap{margin-top:8px}.elementor-widget-text-editor:not(.elementor-drop-cap-view-default) .elementor-drop-cap-letter{width:1em;height:1em}.elementor-widget-text-editor .elementor-drop-cap{float:left;text-align:center;line-height:1;font-size:50px}.elementor-widget-text-editor .elementor-drop-cap-letter{display:inline-block}<\/style>\t\t\t\t<p>Konforlu ve S\u0131cak Atmosfer<\/p><p>\u015eirin Bah\u00e7em Kahvant\u0131 ve G\u00f6zleme Evi, s\u0131cak ve samimi bir atmosfer sunuyor. Rahat ve \u015f\u0131k dekorasyonumuz, size keyifli bir kahvalt\u0131 deneyimi ya\u015fatmay\u0131 ama\u00e7l\u0131yor. Sevdiklerinizle bir araya gelerek, g\u00fcne enerjik bir ba\u015flang\u0131\u00e7 yapman\u0131n keyfini \u00e7\u0131karabilirsiniz.<\/p><p>\u015eirin Bah\u00e7em Kahvant\u0131 ve G\u00f6zleme Evi, sadece kahvalt\u0131 de\u011fil, ayn\u0131 zamanda g\u00fcn boyunca hafif at\u0131\u015ft\u0131rmal\u0131klar ve \u00f6\u011fle yeme\u011fi se\u00e7enekleri de sunuyor. Men\u00fcm\u00fczdeki \u00e7e\u015fitlilik sayesinde her zevke hitap edecek lezzetleri bulabilirsiniz.<\/p><p>\u015eirin Bah\u00e7em Kahvant\u0131 ve G\u00f6zleme Evi\u2019ne gelerek taptaze kahvalt\u0131lar\u0131m\u0131z\u0131n keyfini \u00e7\u0131karman\u0131z i\u00e7in sizi bekliyoruz. Adresimize gelerek bizi ziyaret edebilir veya telefon numaram\u0131zdan rezervasyon yapabilirsiniz. Size unutulmaz bir kahvalt\u0131 deneyimi sunmak i\u00e7in buraday\u0131z.<\/p><p><em><strong>Taptaze lezzetlerle g\u00fcne enerjik bir ba\u015flang\u0131\u00e7 yap\u0131n!<\/strong><\/em><\/p>\t\t\t\t\t\t<\/div>\n\t\t\t\t<\/div>\n\t\t\t\t\t<\/div>\n\t\t<\/div>\n\t\t\t\t<div class=\"elementor-column elementor-col-50 elementor-top-column elementor-element elementor-element-1e88c94\" data-id=\"1e88c94\" data-element_type=\"column\">\n\t\t\t<div class=\"elementor-widget-wrap elementor-element-populated\">\n\t\t\t\t\t\t\t\t<div class=\"elementor-element elementor-element-d400b5a stratum-masonry-gallery-effect-zoom stratum-masonry-gallery-effect-no elementor-widget elementor-widget-stratum-masonry-gallery\" data-id=\"d400b5a\" data-element_type=\"widget\" data-widget_type=\"stratum-masonry-gallery.default\">\n\t\t\t\t<div class=\"elementor-widget-container\">\n\t\t\t<div class=\"stratum-masonry-gallery masonry-grid effect-2\" data-options=\"{&quot;columns&quot;:3,&quot;gutter&quot;:2,&quot;animate&quot;:false}\">\r\n\r\n\t<div class=\"grid-sizer masonry-col-3\"><\/div>\r\n\t\t\t<div class=\"stratum-masonry-gallery__item masonry-item\">\r\n\t\t\t\t\t\t\t<a data-elementor-open-lightbox=\"default\" data-elementor-lightbox-slideshow=\"gallery-69f5b11ee8494\" href=\"https:\/\/www.sirinbahcem.com\/wp-content\/uploads\/2023\/06\/2022-10-23.jpg\" class=\"stratum-masonry-gallery__link\">\r\n\t\t\t                <div class=\"stratum-masonry-gallery__image\">\r\n                \t<figure>\r\n                   \t\t<img loading=\"lazy\" decoding=\"async\" width=\"150\" height=\"150\" class=\"wp-image-268\" alt=\"\" src=\"https:\/\/www.sirinbahcem.com\/wp-content\/uploads\/2023\/06\/2022-10-23-150x150.jpg\" srcset=\"https:\/\/www.sirinbahcem.com\/wp-content\/uploads\/2023\/06\/2022-10-23-150x150.jpg 150w, https:\/\/www.sirinbahcem.com\/wp-content\/uploads\/2023\/06\/2022-10-23-300x300.jpg 300w, https:\/\/www.sirinbahcem.com\/wp-content\/uploads\/2023\/06\/2022-10-23-100x100.jpg 100w\">                \t<\/figure>\r\n                <\/div>\r\n                <div class=\"stratum-masonry-gallery__overlay\"><\/div>\r\n            <\/a>\r\n        <\/div>\r\n\t\t\t<div class=\"stratum-masonry-gallery__item masonry-item\">\r\n\t\t\t\t\t\t\t<a data-elementor-open-lightbox=\"default\" data-elementor-lightbox-slideshow=\"gallery-69f5b11ee8494\" href=\"https:\/\/www.sirinbahcem.com\/wp-content\/uploads\/2023\/06\/IMG_20180617_105954_994.jpg\" class=\"stratum-masonry-gallery__link\">\r\n\t\t\t                <div class=\"stratum-masonry-gallery__image\">\r\n                \t<figure>\r\n                   \t\t<img loading=\"lazy\" decoding=\"async\" width=\"150\" height=\"150\" class=\"wp-image-267\" alt=\"\" src=\"https:\/\/www.sirinbahcem.com\/wp-content\/uploads\/2023\/06\/IMG_20180617_105954_994-150x150.jpg\" srcset=\"https:\/\/www.sirinbahcem.com\/wp-content\/uploads\/2023\/06\/IMG_20180617_105954_994-150x150.jpg 150w, https:\/\/www.sirinbahcem.com\/wp-content\/uploads\/2023\/06\/IMG_20180617_105954_994-300x300.jpg 300w, https:\/\/www.sirinbahcem.com\/wp-content\/uploads\/2023\/06\/IMG_20180617_105954_994-100x100.jpg 100w, https:\/\/www.sirinbahcem.com\/wp-content\/uploads\/2023\/06\/IMG_20180617_105954_994.jpg 510w\">                \t<\/figure>\r\n                <\/div>\r\n                <div class=\"stratum-masonry-gallery__overlay\"><\/div>\r\n            <\/a>\r\n        <\/div>\r\n\t\t\t<div class=\"stratum-masonry-gallery__item masonry-item\">\r\n\t\t\t\t\t\t\t<a data-elementor-open-lightbox=\"default\" data-elementor-lightbox-slideshow=\"gallery-69f5b11ee8494\" href=\"https:\/\/www.sirinbahcem.com\/wp-content\/uploads\/2023\/06\/IMG_20220819_130419.jpg\" class=\"stratum-masonry-gallery__link\">\r\n\t\t\t                <div class=\"stratum-masonry-gallery__image\">\r\n                \t<figure>\r\n                   \t\t<img loading=\"lazy\" decoding=\"async\" width=\"150\" height=\"150\" class=\"wp-image-59\" alt=\"\" src=\"https:\/\/www.sirinbahcem.com\/wp-content\/uploads\/2023\/06\/IMG_20220819_130419-150x150.jpg\" srcset=\"https:\/\/www.sirinbahcem.com\/wp-content\/uploads\/2023\/06\/IMG_20220819_130419-150x150.jpg 150w, https:\/\/www.sirinbahcem.com\/wp-content\/uploads\/2023\/06\/IMG_20220819_130419-300x300.jpg 300w, https:\/\/www.sirinbahcem.com\/wp-content\/uploads\/2023\/06\/IMG_20220819_130419-100x100.jpg 100w\">                \t<\/figure>\r\n                <\/div>\r\n                <div class=\"stratum-masonry-gallery__overlay\"><\/div>\r\n            <\/a>\r\n        <\/div>\r\n\t\t\t<div class=\"stratum-masonry-gallery__item masonry-item\">\r\n\t\t\t\t\t\t\t<a data-elementor-open-lightbox=\"default\" data-elementor-lightbox-slideshow=\"gallery-69f5b11ee8494\" href=\"https:\/\/www.sirinbahcem.com\/wp-content\/uploads\/2023\/06\/IMG_20220819_130049.jpg\" class=\"stratum-masonry-gallery__link\">\r\n\t\t\t                <div class=\"stratum-masonry-gallery__image\">\r\n                \t<figure>\r\n                   \t\t<img loading=\"lazy\" decoding=\"async\" width=\"150\" height=\"150\" class=\"wp-image-58\" alt=\"\" src=\"https:\/\/www.sirinbahcem.com\/wp-content\/uploads\/2023\/06\/IMG_20220819_130049-150x150.jpg\" srcset=\"https:\/\/www.sirinbahcem.com\/wp-content\/uploads\/2023\/06\/IMG_20220819_130049-150x150.jpg 150w, https:\/\/www.sirinbahcem.com\/wp-content\/uploads\/2023\/06\/IMG_20220819_130049-300x300.jpg 300w, https:\/\/www.sirinbahcem.com\/wp-content\/uploads\/2023\/06\/IMG_20220819_130049-100x100.jpg 100w\">                \t<\/figure>\r\n                <\/div>\r\n                <div class=\"stratum-masonry-gallery__overlay\"><\/div>\r\n            <\/a>\r\n        <\/div>\r\n\t\t\t<div class=\"stratum-masonry-gallery__item masonry-item\">\r\n\t\t\t\t\t\t\t<a data-elementor-open-lightbox=\"default\" data-elementor-lightbox-slideshow=\"gallery-69f5b11ee8494\" href=\"https:\/\/www.sirinbahcem.com\/wp-content\/uploads\/2023\/06\/2023-01-30-1.jpg\" class=\"stratum-masonry-gallery__link\">\r\n\t\t\t                <div class=\"stratum-masonry-gallery__image\">\r\n                \t<figure>\r\n                   \t\t<img loading=\"lazy\" decoding=\"async\" width=\"150\" height=\"150\" class=\"wp-image-56\" alt=\"\" src=\"https:\/\/www.sirinbahcem.com\/wp-content\/uploads\/2023\/06\/2023-01-30-1-150x150.jpg\" srcset=\"https:\/\/www.sirinbahcem.com\/wp-content\/uploads\/2023\/06\/2023-01-30-1-150x150.jpg 150w, https:\/\/www.sirinbahcem.com\/wp-content\/uploads\/2023\/06\/2023-01-30-1-300x300.jpg 300w, https:\/\/www.sirinbahcem.com\/wp-content\/uploads\/2023\/06\/2023-01-30-1-100x100.jpg 100w\">                \t<\/figure>\r\n                <\/div>\r\n                <div class=\"stratum-masonry-gallery__overlay\"><\/div>\r\n            <\/a>\r\n        <\/div>\r\n\t\t\t<div class=\"stratum-masonry-gallery__item masonry-item\">\r\n\t\t\t\t\t\t\t<a data-elementor-open-lightbox=\"default\" data-elementor-lightbox-slideshow=\"gallery-69f5b11ee8494\" href=\"https:\/\/www.sirinbahcem.com\/wp-content\/uploads\/2023\/06\/IMG_20220819_130526.jpg\" class=\"stratum-masonry-gallery__link\">\r\n\t\t\t                <div class=\"stratum-masonry-gallery__image\">\r\n                \t<figure>\r\n                   \t\t<img loading=\"lazy\" decoding=\"async\" width=\"150\" height=\"150\" class=\"wp-image-55\" alt=\"\" src=\"https:\/\/www.sirinbahcem.com\/wp-content\/uploads\/2023\/06\/IMG_20220819_130526-150x150.jpg\" srcset=\"https:\/\/www.sirinbahcem.com\/wp-content\/uploads\/2023\/06\/IMG_20220819_130526-150x150.jpg 150w, https:\/\/www.sirinbahcem.com\/wp-content\/uploads\/2023\/06\/IMG_20220819_130526-300x300.jpg 300w, https:\/\/www.sirinbahcem.com\/wp-content\/uploads\/2023\/06\/IMG_20220819_130526-100x100.jpg 100w\">                \t<\/figure>\r\n                <\/div>\r\n                <div class=\"stratum-masonry-gallery__overlay\"><\/div>\r\n            <\/a>\r\n        <\/div>\r\n\t<\/div>\r\n\t\t<\/div>\n\t\t\t\t<\/div>\n\t\t\t\t\t<\/div>\n\t\t<\/div>\n\t\t\t\t\t\t\t<\/div>\n\t\t<\/section>\n\t\t\t\t<section class=\"elementor-section elementor-top-section elementor-element elementor-element-d751af9 elementor-section-boxed elementor-section-height-default elementor-section-height-default\" data-id=\"d751af9\" data-element_type=\"section\">\n\t\t\t\t\t\t<div class=\"elementor-container elementor-column-gap-default\">\n\t\t\t\t\t<div class=\"elementor-column elementor-col-100 elementor-top-column elementor-element elementor-element-cc83d3f\" data-id=\"cc83d3f\" data-element_type=\"column\">\n\t\t\t<div class=\"elementor-widget-wrap elementor-element-populated\">\n\t\t\t\t\t\t\t\t<div class=\"elementor-element elementor-element-f559b64 elementor-widget elementor-widget-text-editor\" data-id=\"f559b64\" data-element_type=\"widget\" data-widget_type=\"text-editor.default\">\n\t\t\t\t<div class=\"elementor-widget-container\">\n\t\t\t\t\t\t\t<p>1.<b> Taptaze Lezzetler:<\/b> \u015eirin Bah\u00e7em Kahvant\u0131 ve G\u00f6zleme Evi olarak, size her zaman en taze ve kaliteli kahvalt\u0131l\u0131klar\u0131 sunuyoruz. Se\u00e7ti\u011fimiz organik ve yerel \u00fcr\u00fcnlerle haz\u0131rlanan kahvalt\u0131l\u0131klar\u0131m\u0131z, lezzetin ve tazeli\u011fin garantisi oluyor.<\/p><p>2<b>. Geni\u015f Kahvalt\u0131 Se\u00e7enekleri:<\/b> Men\u00fcm\u00fczde geni\u015f bir kahvalt\u0131 se\u00e7ene\u011fi bulunuyor. A\u00e7\u0131k b\u00fcfe kahvalt\u0131, serpme kahvalt\u0131, omlet ve menemen gibi \u00e7e\u015fitli se\u00e7enekler aras\u0131ndan istedi\u011finizi tercih edebilirsiniz. Her zevke ve ihtiyaca uygun lezzetler sunuyoruz.<\/p><p>3<b>. Sa\u011fl\u0131kl\u0131 Beslenme:<\/b> \u015eirin Bah\u00e7em Kahvant\u0131 ve G\u00f6zleme Evi olarak, sa\u011fl\u0131kl\u0131 beslenmeyi \u00f6nemsiyoruz. T\u00fcm kahvalt\u0131l\u0131klar\u0131m\u0131zda kullan\u0131lan malzemeler taze ve do\u011fal olarak se\u00e7ilirken, organik ve yerel \u00fcreticilerden temin ediliyor. Sa\u011fl\u0131kl\u0131 ve besleyici bir kahvalt\u0131 deneyimi sunuyoruz.<\/p><p>4<b>. Konforlu Atmosfer:<\/b> Kahvalt\u0131 yaparken rahat bir ortamda olmak \u00f6nemlidir. \u015eirin Bah\u00e7em Kahvant\u0131 ve G\u00f6zleme Evi, s\u0131cak ve samimi bir atmosfer sunuyor. \u015e\u0131k dekorasyonumuz ve konforlu oturma d\u00fczenimizle, keyifli bir kahvalt\u0131 deneyimi ya\u015faman\u0131z\u0131 sa\u011fl\u0131yoruz.<\/p><p>5<b>. H\u0131zl\u0131 ve Dostane Hizmet:<\/b> M\u00fc\u015fteri memnuniyeti bizim \u00f6nceli\u011fimizdir. E\u011fitimli ve g\u00fclery\u00fczl\u00fc personelimiz, h\u0131zl\u0131 ve profesyonel bir hizmet sunarak, misafirlerimizin beklentilerini kar\u015f\u0131lamaya \u00e7al\u0131\u015f\u0131r. Size unutulmaz bir kahvalt\u0131 deneyimi ya\u015fatmak i\u00e7in her an yan\u0131n\u0131zday\u0131z.<\/p>\t\t\t\t\t\t<\/div>\n\t\t\t\t<\/div>\n\t\t\t\t\t<\/div>\n\t\t<\/div>\n\t\t\t\t\t\t\t<\/div>\n\t\t<\/section>\n\t\t\t\t\t\t\t<\/div>\n\t\t","protected":false},"excerpt":{"rendered":"<p>\u015eirin Bah\u00e7em Kahvant\u0131 ve G\u00f6zleme Evi Konforlu ve S\u0131cak Atmosfer \u015eirin Bah\u00e7em Kahvant\u0131 ve G\u00f6zleme Evi, s\u0131cak ve samimi bir atmosfer sunuyor. Rahat ve \u015f\u0131k&hellip;<\/p>\n","protected":false},"author":1,"featured_media":0,"parent":0,"menu_order":0,"comment_status":"closed","ping_status":"closed","template":"","meta":{"footnotes":""},"class_list":["post-21","page","type-page","status-publish","hentry"],"_links":{"self":[{"href":"https:\/\/www.sirinbahcem.com\/index.php\/wp-json\/wp\/v2\/pages\/21","targetHints":{"allow":["GET"]}}],"collection":[{"href":"https:\/\/www.sirinbahcem.com\/index.php\/wp-json\/wp\/v2\/pages"}],"about":[{"href":"https:\/\/www.sirinbahcem.com\/index.php\/wp-json\/wp\/v2\/types\/page"}],"author":[{"embeddable":true,"href":"https:\/\/www.sirinbahcem.com\/index.php\/wp-json\/wp\/v2\/users\/1"}],"replies":[{"embeddable":true,"href":"https:\/\/www.sirinbahcem.com\/index.php\/wp-json\/wp\/v2\/comments?post=21"}],"version-history":[{"count":25,"href":"https:\/\/www.sirinbahcem.com\/index.php\/wp-json\/wp\/v2\/pages\/21\/revisions"}],"predecessor-version":[{"id":537,"href":"https:\/\/www.sirinbahcem.com\/index.php\/wp-json\/wp\/v2\/pages\/21\/revisions\/537"}],"wp:attachment":[{"href":"https:\/\/www.sirinbahcem.com\/index.php\/wp-json\/wp\/v2\/media?parent=21"}],"curies":[{"name":"wp","href":"https:\/\/api.w.org\/{rel}","templated":true}]}}